{"id":7,"date":"2023-09-25T21:07:35","date_gmt":"2023-09-25T21:07:35","guid":{"rendered":"https:\/\/teamfa.club\/?page_id=7"},"modified":"2023-10-18T12:28:42","modified_gmt":"2023-10-18T12:28:42","slug":"olaganustu-tasarimlar-icin-guzel-portfoyler","status":"publish","type":"page","link":"https:\/\/teamfa.club\/","title":{"rendered":"Gelin ve Bizimle Ke\u015ffe \u00c7\u0131k\u0131n!"},"content":{"rendered":"\n<p class=\"has-text-align-center\"><meta charset=\"utf-8\">Binicilik, sadece bir spor de\u011fil, ayn\u0131 zamanda bir ya\u015fam tarz\u0131d\u0131r. Binicilik Kul\u00fcb\u00fc olarak, atlarla dolu d\u00fcnyam\u0131z\u0131 size sunmaktan mutluluk duyar\u0131z. \u0130ster ba\u015flang\u0131\u00e7 seviyesinde ister deneyimli bir binici olun, kul\u00fcb\u00fcm\u00fczde kendinizi geli\u015ftirebilir ve binicilik tutkusunu payla\u015fabilirsiniz.<\/p>\n\n\n\n<div style=\"height:55px\" aria-hidden=\"true\" class=\"wp-block-spacer\"><\/div>\n\n\n\n<div class=\"wp-block-group alignfull has-background\" style=\"background-color:#e5e9ec\"><div class=\"wp-block-group__inner-container is-layout-flow wp-block-group-is-layout-flow\">\n<div class=\"wp-block-columns is-layout-flex wp-container-core-columns-is-layout-9d6595d7 wp-block-columns-is-layout-flex\">\n<div class=\"wp-block-column is-vertically-aligned-center is-layout-flow wp-block-column-is-layout-flow\">\n<h2 class=\"wp-block-heading\">Hakk\u0131m\u0131zda<\/h2>\n\n\n\n<p>Binicilik Kul\u00fcb\u00fcm\u00fczde, deneyimli \u00f6\u011fretmenlerimizden bireysel ders alma f\u0131rsat\u0131 sunuyoruz. Hocalar\u0131m\u0131z, uzun y\u0131llar\u0131n verdi\u011fi deneyimleriyle sizlere at binme konusunda \u00f6zg\u00fcven kazand\u0131r\u0131yor ve becerilerinizi geli\u015ftirmenize yard\u0131mc\u0131 oluyorlar.<\/p>\n\n\n\n<p>Ayr\u0131ca, daha \u00f6nce yeti\u015ftirdi\u011fimiz \u00e7ocuklar ulusal ve uluslararas\u0131 binicilik yar\u0131\u015fmalar\u0131nda b\u00fcy\u00fck ba\u015far\u0131lar elde etti. Bu ba\u015far\u0131lar, e\u011fitmenlerimizin kalitesini ve programlar\u0131m\u0131z\u0131n etkisini g\u00f6steriyor. Binicilikteki potansiyelinizi ke\u015ffetmek i\u00e7in bizimle ileti\u015fime ge\u00e7in!<\/p>\n\n\n\n<div class=\"wp-block-buttons is-horizontal is-content-justification-left is-layout-flex wp-container-core-buttons-is-layout-7e5fce0a wp-block-buttons-is-layout-flex\">\n<div class=\"wp-block-button is-style-outline is-style-outline--1\"><a class=\"wp-block-button__link wp-element-button\" href=\"#\">Hakk\u0131m\u0131zda<\/a><\/div>\n<\/div>\n\n\n\n<p><\/p>\n<\/div>\n\n\n\n<div class=\"wp-block-column is-layout-flow wp-block-column-is-layout-flow\">\n<div style=\"height:48px\" aria-hidden=\"true\" class=\"wp-block-spacer\"><\/div>\n\n\n\n<figure class=\"wp-block-gallery has-nested-images columns-default is-cropped wp-block-gallery-2 is-layout-flex wp-block-gallery-is-layout-flex\">\n<figure class=\"wp-block-image size-full is-style-default\"><img loading=\"lazy\" decoding=\"async\" width=\"1024\" height=\"768\" data-id=\"61\" src=\"https:\/\/teamfa.club\/wp-content\/uploads\/2023\/10\/DSC07290.jpg\" alt=\"\" class=\"wp-image-61\" srcset=\"https:\/\/teamfa.club\/wp-content\/uploads\/2023\/10\/DSC07290.jpg 1024w, https:\/\/teamfa.club\/wp-content\/uploads\/2023\/10\/DSC07290-300x225.jpg 300w, https:\/\/teamfa.club\/wp-content\/uploads\/2023\/10\/DSC07290-768x576.jpg 768w\" sizes=\"auto, (max-width: 1024px) 100vw, 1024px\" \/><\/figure>\n<\/figure>\n<\/div>\n<\/div>\n<\/div><\/div>\n\n\n\n<div class=\"wp-block-group alignfull\"><div class=\"wp-block-group__inner-container is-layout-flow wp-block-group-is-layout-flow\">\n<div class=\"wp-block-columns are-vertically-aligned-center is-layout-flex wp-container-core-columns-is-layout-9d6595d7 wp-block-columns-is-layout-flex\">\n<div class=\"wp-block-column is-vertically-aligned-center is-layout-flow wp-block-column-is-layout-flow\">\n<div style=\"height:48px\" aria-hidden=\"true\" class=\"wp-block-spacer\"><\/div>\n\n\n\n<figure class=\"wp-block-image size-full\"><img loading=\"lazy\" decoding=\"async\" width=\"1024\" height=\"768\" src=\"https:\/\/teamfa.club\/wp-content\/uploads\/2023\/10\/DSC07306.jpg\" alt=\"\" class=\"wp-image-65\" srcset=\"https:\/\/teamfa.club\/wp-content\/uploads\/2023\/10\/DSC07306.jpg 1024w, https:\/\/teamfa.club\/wp-content\/uploads\/2023\/10\/DSC07306-300x225.jpg 300w, https:\/\/teamfa.club\/wp-content\/uploads\/2023\/10\/DSC07306-768x576.jpg 768w\" sizes=\"auto, (max-width: 1024px) 100vw, 1024px\" \/><\/figure>\n<\/div>\n\n\n\n<div class=\"wp-block-column is-vertically-aligned-center is-layout-flow wp-block-column-is-layout-flow\">\n<h2 class=\"wp-block-heading\">Hizmetlerimiz<\/h2>\n\n\n\n<p>Binicilik Kul\u00fcb\u00fcm\u00fczde, alan\u0131nda deneyimli ve tutkulu e\u011fitmenlerimizle hizmet veriyoruz. Hocalar\u0131m\u0131z, y\u0131llar\u0131n verdi\u011fi bilgi birikimi ve pratik deneyimleri ile sizlere at binme konusundaki en iyi \u00f6\u011fretimleri sunuyor. Atlarla ileti\u015fim kurma, binicilik becerilerinizi geli\u015ftirme ve g\u00fcvenli bir \u015fekilde s\u00fcrme konular\u0131nda size rehberlik ediyorlar. Ayr\u0131ca, \u00e7ocuklara \u00f6zel programlar\u0131m\u0131zla gen\u00e7 binicilerimizin yeteneklerini ke\u015ffetmelerine yard\u0131mc\u0131 oluyoruz. Binicilik deneyiminizi bizimle ya\u015fay\u0131n ve uzman ekibimizin rehberli\u011finde bu harika sporun keyfini \u00e7\u0131kar\u0131n.<\/p>\n\n\n\n<div class=\"wp-block-buttons is-layout-flex wp-block-buttons-is-layout-flex\">\n<div class=\"wp-block-button is-style-outline is-style-outline--3\"><a class=\"wp-block-button__link wp-element-button\" href=\"#\">Hizmetlerimiz<\/a><\/div>\n<\/div>\n<\/div>\n<\/div>\n<\/div><\/div>\n\n\n\n<div class=\"wp-block-group alignfull has-black-background-color has-background\"><div class=\"wp-block-group__inner-container is-layout-flow wp-block-group-is-layout-flow\">\n<h2 class=\"wp-block-heading has-text-align-center has-white-color has-text-color\"><strong>Gallery<\/strong><\/h2>\n\n\n\n<figure class=\"wp-block-gallery aligncenter has-nested-images columns-default is-cropped wp-block-gallery-4 is-layout-flex wp-block-gallery-is-layout-flex\">\n<figure class=\"wp-block-image size-full\"><img loading=\"lazy\" decoding=\"async\" width=\"1024\" height=\"768\" data-id=\"72\" src=\"https:\/\/teamfa.club\/wp-content\/uploads\/2023\/10\/DSC07324.jpg\" alt=\"\" class=\"wp-image-72\" srcset=\"https:\/\/teamfa.club\/wp-content\/uploads\/2023\/10\/DSC07324.jpg 1024w, https:\/\/teamfa.club\/wp-content\/uploads\/2023\/10\/DSC07324-300x225.jpg 300w, https:\/\/teamfa.club\/wp-content\/uploads\/2023\/10\/DSC07324-768x576.jpg 768w\" sizes=\"auto, (max-width: 1024px) 100vw, 1024px\" \/><\/figure>\n\n\n\n<figure class=\"wp-block-image size-full\"><img loading=\"lazy\" decoding=\"async\" width=\"1024\" height=\"768\" data-id=\"79\" src=\"https:\/\/teamfa.club\/wp-content\/uploads\/2023\/10\/DSC07389.jpg\" alt=\"\" class=\"wp-image-79\" srcset=\"https:\/\/teamfa.club\/wp-content\/uploads\/2023\/10\/DSC07389.jpg 1024w, https:\/\/teamfa.club\/wp-content\/uploads\/2023\/10\/DSC07389-300x225.jpg 300w, https:\/\/teamfa.club\/wp-content\/uploads\/2023\/10\/DSC07389-768x576.jpg 768w\" sizes=\"auto, (max-width: 1024px) 100vw, 1024px\" \/><\/figure>\n\n\n\n<figure class=\"wp-block-image size-full\"><img loading=\"lazy\" decoding=\"async\" width=\"1024\" height=\"768\" data-id=\"97\" src=\"https:\/\/teamfa.club\/wp-content\/uploads\/2023\/10\/DSC07473.jpg\" alt=\"\" class=\"wp-image-97\" srcset=\"https:\/\/teamfa.club\/wp-content\/uploads\/2023\/10\/DSC07473.jpg 1024w, https:\/\/teamfa.club\/wp-content\/uploads\/2023\/10\/DSC07473-300x225.jpg 300w, https:\/\/teamfa.club\/wp-content\/uploads\/2023\/10\/DSC07473-768x576.jpg 768w\" sizes=\"auto, (max-width: 1024px) 100vw, 1024px\" \/><\/figure>\n\n\n\n<figure class=\"wp-block-image size-full\"><img loading=\"lazy\" decoding=\"async\" width=\"1024\" height=\"768\" data-id=\"74\" src=\"https:\/\/teamfa.club\/wp-content\/uploads\/2023\/10\/DSC07353.jpg\" alt=\"\" class=\"wp-image-74\" srcset=\"https:\/\/teamfa.club\/wp-content\/uploads\/2023\/10\/DSC07353.jpg 1024w, https:\/\/teamfa.club\/wp-content\/uploads\/2023\/10\/DSC07353-300x225.jpg 300w, https:\/\/teamfa.club\/wp-content\/uploads\/2023\/10\/DSC07353-768x576.jpg 768w\" sizes=\"auto, (max-width: 1024px) 100vw, 1024px\" \/><\/figure>\n\n\n\n<figure class=\"wp-block-image size-full\"><img loading=\"lazy\" decoding=\"async\" width=\"1024\" height=\"768\" data-id=\"83\" src=\"https:\/\/teamfa.club\/wp-content\/uploads\/2023\/10\/DSC07408.jpg\" alt=\"\" class=\"wp-image-83\" srcset=\"https:\/\/teamfa.club\/wp-content\/uploads\/2023\/10\/DSC07408.jpg 1024w, https:\/\/teamfa.club\/wp-content\/uploads\/2023\/10\/DSC07408-300x225.jpg 300w, https:\/\/teamfa.club\/wp-content\/uploads\/2023\/10\/DSC07408-768x576.jpg 768w\" sizes=\"auto, (max-width: 1024px) 100vw, 1024px\" \/><\/figure>\n\n\n\n<figure class=\"wp-block-image size-full\"><img loading=\"lazy\" decoding=\"async\" width=\"1024\" height=\"768\" data-id=\"56\" src=\"https:\/\/teamfa.club\/wp-content\/uploads\/2023\/10\/DSC07280.jpg\" alt=\"\" class=\"wp-image-56\" srcset=\"https:\/\/teamfa.club\/wp-content\/uploads\/2023\/10\/DSC07280.jpg 1024w, https:\/\/teamfa.club\/wp-content\/uploads\/2023\/10\/DSC07280-300x225.jpg 300w, https:\/\/teamfa.club\/wp-content\/uploads\/2023\/10\/DSC07280-768x576.jpg 768w\" sizes=\"auto, (max-width: 1024px) 100vw, 1024px\" \/><\/figure>\n<\/figure>\n<\/div><\/div>\n\n\n\n<div class=\"wp-block-cover alignfull is-light has-parallax is-position-center-center\" style=\"min-height:375px;aspect-ratio:unset;\"><span aria-hidden=\"true\" class=\"wp-block-cover__background has-black-background-color has-background-dim-40 has-background-dim\"><\/span><div role=\"img\" class=\"wp-block-cover__image-background wp-image-65 has-parallax\" style=\"background-position:50% 50%;background-image:url(https:\/\/teamfa.club\/wp-content\/uploads\/2023\/10\/DSC07306.jpg)\"><\/div><div class=\"wp-block-cover__inner-container is-layout-flow wp-block-cover-is-layout-flow\">\n<p class=\"has-text-align-center has-text-color has-huge-font-size\" style=\"color:#fffffa;line-height:1.1\"><strong>Do\u011fan\u0131n Kalbindeki Binicilik Tutkusu<\/strong><\/p>\n\n\n\n<p class=\"has-text-align-center\" style=\"color: #ffffff;\">Binicilik, do\u011fayla b\u00fct\u00fcnle\u015fme ve \u00f6zg\u00fcrl\u00fc\u011f\u00fc ke\u015ffetme yolculu\u011fumuzun bir yans\u0131mas\u0131d\u0131r. Biz, binicilik tutkusunu her seviyede biniciye sunarak do\u011fan\u0131n kalbindeki bu deneyimi payla\u015f\u0131yoruz. Daha fazla bilgi edinmek veya kul\u00fcb\u00fcm\u00fcze kat\u0131lmak i\u00e7in bizimle ileti\u015fime ge\u00e7mekten \u00e7ekinmeyin.<\/p>\n\n\n\n<div style=\"height:39px\" aria-hidden=\"true\" class=\"wp-block-spacer\"><\/div>\n\n\n\n<div class=\"wp-block-buttons is-horizontal is-content-justification-center is-layout-flex wp-container-core-buttons-is-layout-499968f5 wp-block-buttons-is-layout-flex\">\n<div class=\"wp-block-button is-style-outline is-style-outline--5\"><a class=\"wp-block-button__link has-white-color has-text-color wp-element-button\" href=\"#\">Contact us<\/a><\/div>\n<\/div>\n<\/div><\/div>\n","protected":false},"excerpt":{"rendered":"<p>Binicilik, sadece bir spor de\u011fil, ayn\u0131 zamanda bir ya\u015fam tarz\u0131d\u0131r. Binicilik Kul\u00fcb\u00fc olarak, atlarla dolu d\u00fcnyam\u0131z\u0131 size sunmaktan mutluluk duyar\u0131z. \u0130ster ba\u015flang\u0131\u00e7 seviyesinde ister deneyimli bir binici olun, kul\u00fcb\u00fcm\u00fczde kendinizi geli\u015ftirebilir ve binicilik tutkusunu payla\u015fabilirsiniz. Hakk\u0131m\u0131zda Binicilik Kul\u00fcb\u00fcm\u00fczde, deneyimli \u00f6\u011fretmenlerimizden bireysel ders alma f\u0131rsat\u0131 sunuyoruz. Hocalar\u0131m\u0131z, uzun y\u0131llar\u0131n verdi\u011fi deneyimleriyle sizlere at binme konusunda \u00f6zg\u00fcven &hellip; <\/p>\n<p class=\"link-more\"><a href=\"https:\/\/teamfa.club\/\" class=\"more-link\"><span class=\"screen-reader-text\"> &#8220;Gelin ve Bizimle Ke\u015ffe \u00c7\u0131k\u0131n!&#8221;<\/span>devam\u0131n\u0131 oku<\/a><\/p>\n","protected":false},"author":1,"featured_media":0,"parent":0,"menu_order":0,"comment_status":"closed","ping_status":"closed","template":"","meta":{"footnotes":""},"class_list":["post-7","page","type-page","status-publish","hentry"],"_links":{"self":[{"href":"https:\/\/teamfa.club\/index.php?rest_route=\/wp\/v2\/pages\/7","targetHints":{"allow":["GET"]}}],"collection":[{"href":"https:\/\/teamfa.club\/index.php?rest_route=\/wp\/v2\/pages"}],"about":[{"href":"https:\/\/teamfa.club\/index.php?rest_route=\/wp\/v2\/types\/page"}],"author":[{"embeddable":true,"href":"https:\/\/teamfa.club\/index.php?rest_route=\/wp\/v2\/users\/1"}],"replies":[{"embeddable":true,"href":"https:\/\/teamfa.club\/index.php?rest_route=%2Fwp%2Fv2%2Fcomments&post=7"}],"version-history":[{"count":9,"href":"https:\/\/teamfa.club\/index.php?rest_route=\/wp\/v2\/pages\/7\/revisions"}],"predecessor-version":[{"id":110,"href":"https:\/\/teamfa.club\/index.php?rest_route=\/wp\/v2\/pages\/7\/revisions\/110"}],"wp:attachment":[{"href":"https:\/\/teamfa.club\/index.php?rest_route=%2Fwp%2Fv2%2Fmedia&parent=7"}],"curies":[{"name":"wp","href":"https:\/\/api.w.org\/{rel}","templated":true}]}}